{"id":4263,"date":"2022-08-16T17:12:59","date_gmt":"2022-08-16T17:12:59","guid":{"rendered":"https:\/\/www.beaweb.org\/LA\/?page_id=4263"},"modified":"2022-10-10T00:54:00","modified_gmt":"2022-10-10T00:54:00","slug":"hospedaje","status":"publish","type":"page","link":"https:\/\/www.beaweb.org\/LA\/hospedaje","title":{"rendered":"Hospedaje"},"content":{"rendered":"<p>[et_pb_section fb_built=&#8221;1&#8243; fullwidth=&#8221;on&#8221; _builder_version=&#8221;4.16&#8243; background_color=&#8221;rgba(0,0,0,0.3)&#8221; custom_padding=&#8221;0|0px|2px|0px|false|false&#8221; global_colors_info=&#8221;{}&#8221;][et_pb_fullwidth_slider _builder_version=&#8221;4.16&#8243; header_font=&#8221;Georgia|||on|||||&#8221; header_text_color=&#8221;#000000&#8243; header_font_size=&#8221;56px&#8221; body_font=&#8221;Times New Roman||||||||&#8221; body_text_color=&#8221;#ffffff&#8221; background_color=&#8221;#1983c5&#8243; use_background_color_gradient=&#8221;on&#8221; background_color_gradient_direction=&#8221;360deg&#8221; header_text_shadow_style=&#8221;preset1&#8243; header_text_shadow_horizontal_length=&#8221;-0.06em&#8221; header_text_shadow_vertical_length=&#8221;-0.02em&#8221; header_text_shadow_blur_strength=&#8221;0.52em&#8221; header_text_shadow_color=&#8221;#ffffff&#8221; body_text_shadow_style=&#8221;preset5&#8243; body_text_shadow_blur_strength=&#8221;1.29em&#8221; body_text_shadow_color=&#8221;rgba(11,114,198,0.67)&#8221; box_shadow_style=&#8221;preset6&#8243; box_shadow_horizontal=&#8221;9px&#8221; box_shadow_vertical=&#8221;-1px&#8221; box_shadow_blur=&#8221;47px&#8221; global_colors_info=&#8221;{}&#8221;][et_pb_slide heading=&#8221;HOSPEDAJE&#8221; _builder_version=&#8221;4.16&#8243; header_font=&#8221;Times New Roman||||||||&#8221; header_text_color=&#8221;#000000&#8243; header_font_size=&#8221;43px&#8221; use_background_color_gradient=&#8221;on&#8221; background_color_gradient_stops=&#8221;#84b1d8 0%|rgba(41,196,169,0) 100%&#8221; background_color_gradient_overlays_image=&#8221;on&#8221; background_color_gradient_start=&#8221;#84b1d8&#8243; background_color_gradient_end=&#8221;rgba(41,196,169,0)&#8221; background_image=&#8221;https:\/\/www.beaweb.org\/LA\/wp-content\/uploads\/2015\/07\/NAB_2015_0712.jpg&#8221; background_position=&#8221;bottom_center&#8221; global_colors_info=&#8221;{}&#8221; sticky_transition=&#8221;on&#8221;][\/et_pb_slide][\/et_pb_fullwidth_slider][\/et_pb_section][et_pb_section fb_built=&#8221;1&#8243; _builder_version=&#8221;4.16&#8243; custom_padding=&#8221;83px|0px|163px|0px|false|false&#8221; global_colors_info=&#8221;{}&#8221;][et_pb_row column_structure=&#8221;3_5,2_5&#8243; _builder_version=&#8221;4.16&#8243; custom_margin=&#8221;||0px&#8221; custom_padding=&#8221;7px||6px&#8221; global_colors_info=&#8221;{}&#8221;][et_pb_column type=&#8221;3_5&#8243; _builder_version=&#8221;4.16&#8243; custom_padding=&#8221;|||&#8221; global_colors_info=&#8221;{}&#8221; custom_padding__hover=&#8221;|||&#8221;][et_pb_text _builder_version=&#8221;4.16&#8243; text_font=&#8221;||||||||&#8221; text_text_color=&#8221;#0c71c3&#8243; text_font_size=&#8221;21px&#8221; header_font=&#8221;||||||||&#8221; header_text_color=&#8221;#0c71c3&#8243; header_2_font=&#8221;||||||||&#8221; header_2_text_color=&#8221;#0c71c3&#8243; custom_margin=&#8221;0px||23px&#8221; custom_padding=&#8221;14px||&#8221; border_width_left=&#8221;4px&#8221; border_color_left=&#8221;#ffd400&#8243; global_colors_info=&#8221;{}&#8221;]<\/p>\n<h3><span style=\"color: #0c71c3;\"><strong>\u00a0 Bogot\u00e1, Colombia<\/strong><\/span><\/h3>\n<h3><span style=\"color: #0c71c3;\"><strong>\u00a0 Octubre 13-14, 2022<\/strong><\/span><\/h3>\n<h3><span style=\"color: #0c71c3;\"><strong><b class=\"\">\u00a0 Fecha l\u00edmite de inscripci\u00f3n: 30 de Septiembre<\/b><\/strong><\/span><\/h3>\n<p>&nbsp;<\/p>\n<p><span style=\"color: #e09900;\"><strong>Universidad Cat\u00f3lica de Colombia<\/strong><\/span><\/p>\n<p>Direcci\u00f3n: Carrera 13 #47-30, Bogot\u00e1, Colombia<span style=\"color: #0c71c3;\"><strong><b class=\"\"><\/b><\/strong><\/span><\/p>\n<p>Sede 4 &#8211; Auditorio Principal<\/p>\n<p><span style=\"color: #0c71c3;\"><strong><b class=\"\"><\/b><\/strong><\/span><\/p>\n<p>[\/et_pb_text][et_pb_divider _builder_version=&#8221;4.16&#8243; custom_margin=&#8221;1px||&#8221; global_colors_info=&#8221;{}&#8221;][\/et_pb_divider][et_pb_text _builder_version=&#8221;4.16&#8243; header_font=&#8221;||||||||&#8221; header_2_font=&#8221;||||||||&#8221; header_2_text_color=&#8221;#ffd400&#8243; header_2_font_size=&#8221;30px&#8221; global_colors_info=&#8221;{}&#8221;]<\/p>\n<h3><strong>HOSPEDAJE<\/strong><\/h3>\n<p>Para su comodidad, sugerimos se hospede en los hoteles que se encuentran cerca de la conferencia.<strong><\/strong><\/p>\n<div><b>Viaggio Urbano<\/b><\/p>\n<div>Tv. 4 #43-95, Bogot\u00e1, Cundinamarca, Colombia<\/div>\n<div><span>Est\u00e1 a <\/span>13 minutos caminando <span>de la Universidad Cat\u00f3lica de Colombia<\/span><\/div>\n<p><b><a href=\"https:\/\/nam10.safelinks.protection.outlook.com\/?url=https%3A%2F%2Fwww.viaggiourbano.com%2Fes%2F%3Fpartner%3D4622%26utm_source%3Dgoogle%26utm_medium%3Dgmb%26utm_campaign%3Dweb_link&amp;data=05%7C01%7Cjsoto23%40cdm.depaul.edu%7C581f3478a72347e70fb508da7cb3665b%7C750d3a3f1f464da28a647605e75ea2f9%7C0%7C0%7C637959408086716892%7CUnknown%7CTWFpbGZsb3d8eyJWIjoiMC4wLjAwMDAiLCJQIjoiV2luMzIiLCJBTiI6Ik1haWwiLCJXVCI6Mn0%3D%7C2000%7C%7C%7C&amp;sdata=dxVFYs2NiPxSQjFP9P0ZkXDImmEVRFi%2BfYiyUpn80Gc%3D&amp;reserved=0\" originalsrc=\"https:\/\/www.viaggiourbano.com\/es\/?partner=4622&amp;utm_source=google&amp;utm_medium=gmb&amp;utm_campaign=web_link\" shash=\"b8AbS2TnQ\/x7xLennFBOlji4OwU8ciEXx\/0HWgfo4FhQFzbNfygknhW218yWGPY72AiS8fVC4PINqFy9njylAdqhwP4Kg3xk1iCdm\/nIl2FzoZgLoZnhZ4bRaJ75HCnPNQ+aFEOYekrCXBuwjeE8QZOPTkyrd6IR5V88ikCLgK0=\" target=\"_blank\" rel=\"noopener noreferrer\" data-auth=\"NotApplicable\" data-linkindex=\"0\" contenteditable=\"false\" title=\"Original URL:\nhttps:\/\/www.viaggiourbano.com\/es\/?partner=4622&amp;utm_source=google&amp;utm_medium=gmb&amp;utm_campaign=web_link\n\nClick to follow link.\">https:\/\/www.viaggiourbano.com\/es\/?partner=4622&amp;utm_source=google&amp;utm_medium=gmb&amp;utm_campaign=web_link<\/a><br \/><\/b><\/p>\n<div><\/div>\n<\/div>\n<div><b>Viaggio 617<\/b><\/div>\n<div>Calle 61 #7-18, Bogota, Colombia<\/div>\n<div>Est\u00e1 a <b>22 minutos caminando<\/b> de la Universidad Cat\u00f3lica de Colombia<\/div>\n<div><a href=\"https:\/\/nam10.safelinks.protection.outlook.com\/?url=https%3A%2F%2Fwww.viaggio617.com%2Fes%2F%3Fpartner%3D4622%26utm_source%3Dgoogle%26utm_medium%3Dgmb%26utm_campaign%3Dweb_link&amp;data=05%7C01%7Cjsoto23%40cdm.depaul.edu%7C581f3478a72347e70fb508da7cb3665b%7C750d3a3f1f464da28a647605e75ea2f9%7C0%7C0%7C637959408086716892%7CUnknown%7CTWFpbGZsb3d8eyJWIjoiMC4wLjAwMDAiLCJQIjoiV2luMzIiLCJBTiI6Ik1haWwiLCJXVCI6Mn0%3D%7C2000%7C%7C%7C&amp;sdata=F1cK2Bep0IMmnipkaLEFIVEuvSWl0JnHFBAY84I2i2k%3D&amp;reserved=0\" originalsrc=\"https:\/\/www.viaggio617.com\/es\/?partner=4622&amp;utm_source=google&amp;utm_medium=gmb&amp;utm_campaign=web_link\" shash=\"FvjHiKpz2+QKP9C+3OpwHKJiPSVtt1YdPmzR+w+XEaF9lD\/ME0EfPtkS+n\/Wjtj00sZfzm7aFhB8nsNN+2uMQDNH+cIhso6hdRYGeinU17AxaxQGxWEitU8bQn8yeRtr8NqWWyMjR2cIahsR9pFXpaF8zWTEI2cPj+ikGxYqEtA=\" target=\"_blank\" rel=\"noopener noreferrer\" data-auth=\"NotApplicable\" data-linkindex=\"1\" contenteditable=\"false\" title=\"Original URL:\nhttps:\/\/www.viaggio617.com\/es\/?partner=4622&amp;utm_source=google&amp;utm_medium=gmb&amp;utm_campaign=web_link\n\nClick to follow link.\">https:\/\/www.viaggio617.com\/es\/?partner=4622&amp;utm_source=google&amp;utm_medium=gmb&amp;utm_campaign=web_link<\/a><\/div>\n<div><b>\u00a0<\/b><\/div>\n<div><b>Holiday Inn Express &amp; Suites Bogota DC<\/b><\/div>\n<div>Carrera 7 N. 67-39, Bogota, 110231 Colombia<\/div>\n<div>Est\u00e1 a <b>31 minutos caminando<\/b> de la Universidad Cat\u00f3lica de Colombia<\/div>\n<div><a href=\"https:\/\/nam10.safelinks.protection.outlook.com\/?url=https%3A%2F%2Fwww.ihg.com%2Fholidayinnexpress%2Fhotels%2Fus%2Fen%2Fbogota%2Fbogbo%2Fhoteldetail%3Fcm_mmc%3DGoogleMaps-_-EX-_-CO-_-BOGBO&amp;data=05%7C01%7Cjsoto23%40cdm.depaul.edu%7C581f3478a72347e70fb508da7cb3665b%7C750d3a3f1f464da28a647605e75ea2f9%7C0%7C0%7C637959408086716892%7CUnknown%7CTWFpbGZsb3d8eyJWIjoiMC4wLjAwMDAiLCJQIjoiV2luMzIiLCJBTiI6Ik1haWwiLCJXVCI6Mn0%3D%7C2000%7C%7C%7C&amp;sdata=xOQeXYremHkHum%2F3AlOIJrXpA%2B3PYZThrCp6g56FFAI%3D&amp;reserved=0\" originalsrc=\"https:\/\/www.ihg.com\/holidayinnexpress\/hotels\/us\/en\/bogota\/bogbo\/hoteldetail?cm_mmc=GoogleMaps-_-EX-_-CO-_-BOGBO\" shash=\"EpAJnfaLWiySruSc5O9p\/9vuhaD9nnYehep1py4ymxMoUptyRfKGIpEWXodi7v0M1cIQyOUNGwnkVbt29+cTkrETJ6nwDQbw5T+RZhKX7K5z1XriuCjMbh9WXKdPtfd6DpO2QaH4kgegHa9GuvoYKX08R5+kOV4\/fqPiITgXwis=\" target=\"_blank\" rel=\"noopener noreferrer\" data-auth=\"NotApplicable\" data-linkindex=\"2\" contenteditable=\"false\" title=\"Original URL:\nhttps:\/\/www.ihg.com\/holidayinnexpress\/hotels\/us\/en\/bogota\/bogbo\/hoteldetail?cm_mmc=GoogleMaps-_-EX-_-CO-_-BOGBO\n\nClick to follow link.\">https:\/\/www.ihg.com\/holidayinnexpress\/hotels\/us\/en\/bogota\/bogbo\/hoteldetail?cm_mmc=GoogleMaps-_-EX-_-CO-_-BOGBO<\/a><\/div>\n<p><strong><\/strong><\/p>\n<p>[\/et_pb_text][et_pb_image src=&#8221;https:\/\/www.beaweb.org\/LA\/wp-content\/uploads\/2022\/10\/BEALA-Travel-Tips-for-Bogota-Colombia_Page_1.png&#8221; _builder_version=&#8221;4.18.0&#8243; _module_preset=&#8221;default&#8221; title_text=&#8221;BEALA Travel Tips for Bogota Colombia_Page_1&#8243; hover_enabled=&#8221;0&#8243; sticky_enabled=&#8221;0&#8243;][\/et_pb_image][et_pb_image src=&#8221;https:\/\/www.beaweb.org\/LA\/wp-content\/uploads\/2022\/10\/BEALA-Travel-Tips-for-Bogota-Colombia_Page_2.png&#8221; _builder_version=&#8221;4.18.0&#8243; _module_preset=&#8221;default&#8221; hover_enabled=&#8221;0&#8243; sticky_enabled=&#8221;0&#8243; title_text=&#8221;BEALA Travel Tips for Bogota Colombia_Page_2&#8243;][\/et_pb_image][\/et_pb_column][et_pb_column type=&#8221;2_5&#8243; _builder_version=&#8221;4.16&#8243; custom_padding=&#8221;|||&#8221; global_colors_info=&#8221;{}&#8221; custom_padding__hover=&#8221;|||&#8221;][et_pb_image src=&#8221;https:\/\/www.beaweb.org\/LA\/wp-content\/uploads\/2022\/07\/Layer-2.png&#8221; align_tablet=&#8221;center&#8221; align_phone=&#8221;center&#8221; align_last_edited=&#8221;on|desktop&#8221; _builder_version=&#8221;4.16&#8243; global_colors_info=&#8221;{}&#8221;][\/et_pb_image][et_pb_text _builder_version=&#8221;4.16&#8243; text_font=&#8221;Allerta||||||||&#8221; header_font=&#8221;||||||||&#8221; header_text_align=&#8221;center&#8221; header_2_font=&#8221;||||||||&#8221; header_2_text_color=&#8221;#ffd400&#8243; link_option_url=&#8221;https:\/\/www.facebook.com\/groups\/34744282858\/&#8221; global_colors_info=&#8221;{}&#8221;]<\/p>\n<h2 style=\"text-align: center;\"><strong>Conectate con nosotros!<\/strong><\/h2>\n<p>[\/et_pb_text][et_pb_social_media_follow _builder_version=&#8221;4.16&#8243; text_orientation=&#8221;center&#8221; global_colors_info=&#8221;{}&#8221;][et_pb_social_media_follow_network social_network=&#8221;facebook&#8221; url=&#8221;https:\/\/www.facebook.com\/groups\/34744282858\/&#8221; _builder_version=&#8221;4.16&#8243; background_color=&#8221;#000000&#8243; global_colors_info=&#8221;{}&#8221; follow_button=&#8221;off&#8221; url_new_window=&#8221;on&#8221;]facebook[\/et_pb_social_media_follow_network][et_pb_social_media_follow_network social_network=&#8221;twitter&#8221; url=&#8221;https:\/\/twitter.com\/BEAbirks?lang=en&#8221; _builder_version=&#8221;4.16&#8243; background_color=&#8221;#00aced&#8221; global_colors_info=&#8221;{}&#8221; follow_button=&#8221;off&#8221; url_new_window=&#8221;on&#8221;]twitter[\/et_pb_social_media_follow_network][\/et_pb_social_media_follow][\/et_pb_column][\/et_pb_row][\/et_pb_section][et_pb_section fb_built=&#8221;1&#8243; _builder_version=&#8221;4.16&#8243; custom_padding=&#8221;13px|0px|0|0px|false|false&#8221; global_colors_info=&#8221;{}&#8221;][et_pb_row _builder_version=&#8221;4.16&#8243; custom_padding=&#8221;0|0px|0|0px|false|false&#8221; global_colors_info=&#8221;{}&#8221;][et_pb_column type=&#8221;4_4&#8243; _builder_version=&#8221;4.16&#8243; custom_padding=&#8221;|||&#8221; global_colors_info=&#8221;{}&#8221; custom_padding__hover=&#8221;|||&#8221;][et_pb_divider _builder_version=&#8221;4.16&#8243; global_colors_info=&#8221;{}&#8221;][\/et_pb_divider][\/et_pb_column][\/et_pb_row][\/et_pb_section][et_pb_section fb_built=&#8221;1&#8243; _builder_version=&#8221;4.16&#8243; global_colors_info=&#8221;{}&#8221;][et_pb_row column_structure=&#8221;1_3,1_3,1_3&#8243; _builder_version=&#8221;4.16&#8243; custom_padding=&#8221;0|0px|13px|0px|false|false&#8221; global_colors_info=&#8221;{}&#8221;][et_pb_column type=&#8221;1_3&#8243; _builder_version=&#8221;4.16&#8243; custom_padding=&#8221;|||&#8221; global_colors_info=&#8221;{}&#8221; custom_padding__hover=&#8221;|||&#8221;][\/et_pb_column][et_pb_column type=&#8221;1_3&#8243; _builder_version=&#8221;4.16&#8243; custom_padding=&#8221;|||&#8221; global_colors_info=&#8221;{}&#8221; custom_padding__hover=&#8221;|||&#8221;][et_pb_image src=&#8221;https:\/\/www.beaweb.org\/LA\/wp-content\/uploads\/2019\/05\/testlogo.jpg&#8221; align=&#8221;center&#8221; align_tablet=&#8221;center&#8221; align_phone=&#8221;center&#8221; align_last_edited=&#8221;on|desktop&#8221; _builder_version=&#8221;4.16&#8243; global_colors_info=&#8221;{}&#8221;][\/et_pb_image][\/et_pb_column][et_pb_column type=&#8221;1_3&#8243; _builder_version=&#8221;4.16&#8243; custom_padding=&#8221;|||&#8221; global_colors_info=&#8221;{}&#8221; custom_padding__hover=&#8221;|||&#8221;][\/et_pb_column][\/et_pb_row][\/et_pb_section][et_pb_section fb_built=&#8221;1&#8243; _builder_version=&#8221;4.16&#8243; background_color=&#8221;#000000&#8243; use_background_color_gradient=&#8221;on&#8221; background_color_gradient_type=&#8221;circular&#8221; background_color_gradient_stops=&#8221;#2b87da 0%|rgba(0,0,0,0.5) 100%&#8221; background_color_gradient_end=&#8221;rgba(0,0,0,0.5)&#8221; custom_padding=&#8221;15px|0px|0|0px|false|false&#8221; global_colors_info=&#8221;{}&#8221;][et_pb_row _builder_version=&#8221;4.16&#8243; global_colors_info=&#8221;{}&#8221;][et_pb_column type=&#8221;4_4&#8243; _builder_version=&#8221;4.16&#8243; custom_padding=&#8221;|||&#8221; global_colors_info=&#8221;{}&#8221; custom_padding__hover=&#8221;|||&#8221;][et_pb_text _builder_version=&#8221;4.16&#8243; text_font=&#8221;|800|||||||&#8221; text_text_color=&#8221;#ffffff&#8221; header_font=&#8221;||||||||&#8221; header_text_color=&#8221;#ffffff&#8221; header_font_size=&#8221;24px&#8221; header_2_font=&#8221;Verdana||||||||&#8221; header_2_text_color=&#8221;#ffffff&#8221; global_colors_info=&#8221;{}&#8221;]<\/p>\n<h1 style=\"text-align: center;\">Helpful Links<\/h1>\n<p>[\/et_pb_text][\/et_pb_column][\/et_pb_row][et_pb_row column_structure=&#8221;1_5,1_5,1_5,1_5,1_5&#8243; _builder_version=&#8221;3.19.7&#8243; custom_margin=&#8221;6px||&#8221; custom_padding=&#8221;0|0px|63px|0px|false|false&#8221; global_module=&#8221;3964&#8243; saved_tabs=&#8221;all&#8221; global_colors_info=&#8221;{}&#8221;][et_pb_column type=&#8221;1_5&#8243; _builder_version=&#8221;4.16&#8243; custom_padding=&#8221;|||&#8221; global_colors_info=&#8221;{}&#8221; custom_padding__hover=&#8221;|||&#8221;][et_pb_button button_url=&#8221;https:\/\/www.beaweb.org\/wp\/?page_id=498&#8243; button_text=&#8221;BEA Membership&#8221; button_alignment=&#8221;center&#8221; _builder_version=&#8221;4.16&#8243; custom_button=&#8221;on&#8221; button_text_size=&#8221;14px&#8221; button_text_color=&#8221;#ffffff&#8221; button_border_width=&#8221;2px&#8221; button_border_color=&#8221;#ffffff&#8221; button_letter_spacing=&#8221;0px&#8221; button_font=&#8221;||||||||&#8221; custom_margin=&#8221;|||0px&#8221; global_colors_info=&#8221;{}&#8221;][\/et_pb_button][\/et_pb_column][et_pb_column type=&#8221;1_5&#8243; _builder_version=&#8221;4.16&#8243; custom_padding=&#8221;|||&#8221; global_colors_info=&#8221;{}&#8221; custom_padding__hover=&#8221;|||&#8221;][et_pb_button button_url=&#8221;https:\/\/www.beaweb.org\/wp\/?page_id=478&#8243; button_text=&#8221;BEA Scholarships&#8221; button_alignment=&#8221;center&#8221; _builder_version=&#8221;4.16&#8243; custom_button=&#8221;on&#8221; button_text_size=&#8221;14px&#8221; button_text_color=&#8221;#ffffff&#8221; button_border_color=&#8221;#ffffff&#8221; button_font=&#8221;||||||||&#8221; global_colors_info=&#8221;{}&#8221;][\/et_pb_button][\/et_pb_column][et_pb_column type=&#8221;1_5&#8243; _builder_version=&#8221;4.16&#8243; custom_padding=&#8221;|||&#8221; global_colors_info=&#8221;{}&#8221; custom_padding__hover=&#8221;|||&#8221;][et_pb_button button_url=&#8221;https:\/\/www.beaweb.org\/LA\/contacto&#8221; button_text=&#8221;&#8212;- Contacto  &#8212;-&#8221; button_alignment=&#8221;center&#8221; _builder_version=&#8221;4.16&#8243; custom_button=&#8221;on&#8221; button_text_size=&#8221;14px&#8221; button_text_color=&#8221;#ffffff&#8221; button_border_color=&#8221;#ffffff&#8221; button_font=&#8221;||||||||&#8221; global_colors_info=&#8221;{}&#8221;][\/et_pb_button][\/et_pb_column][et_pb_column type=&#8221;1_5&#8243; _builder_version=&#8221;4.16&#8243; custom_padding=&#8221;|||&#8221; global_colors_info=&#8221;{}&#8221; custom_padding__hover=&#8221;|||&#8221;][et_pb_button button_url=&#8221;http:\/\/beaweb.org\/festival\/&#8221; button_text=&#8221;Festival of Media Arts&#8221; button_alignment=&#8221;center&#8221; _builder_version=&#8221;4.16&#8243; custom_button=&#8221;on&#8221; button_text_size=&#8221;14px&#8221; button_text_color=&#8221;#ffffff&#8221; button_border_color=&#8221;#ffffff&#8221; button_font=&#8221;||||||||&#8221; global_colors_info=&#8221;{}&#8221;][\/et_pb_button][\/et_pb_column][et_pb_column type=&#8221;1_5&#8243; _builder_version=&#8221;4.16&#8243; custom_padding=&#8221;|||&#8221; global_colors_info=&#8221;{}&#8221; custom_padding__hover=&#8221;|||&#8221;][et_pb_button button_url=&#8221;https:\/\/www.beaweb.org\/conv\/&#8221; button_text=&#8221;Annual Convention&#8221; button_alignment=&#8221;center&#8221; _builder_version=&#8221;4.16&#8243; custom_button=&#8221;on&#8221; button_text_size=&#8221;14px&#8221; button_text_color=&#8221;#ffffff&#8221; button_border_color=&#8221;#ffffff&#8221; button_font=&#8221;||||||||&#8221; global_colors_info=&#8221;{}&#8221;][\/et_pb_button][\/et_pb_column][\/et_pb_row][\/et_pb_section]<\/p>\n","protected":false},"excerpt":{"rendered":"<p>\u00a0 Bogot\u00e1, Colombia \u00a0 Octubre 13-14, 2022 \u00a0 Fecha l\u00edmite de inscripci\u00f3n: 30 de Septiembre &nbsp; Universidad Cat\u00f3lica de Colombia Direcci\u00f3n: Carrera 13 #47-30, Bogot\u00e1, Colombia Sede 4 &#8211; Auditorio Principal HOSPEDAJE Para su comodidad, sugerimos se hospede en los hoteles que se encuentran cerca de la conferencia. Viaggio Urbano Tv. 4 #43-95, Bogot\u00e1, Cundinamarca, [&hellip;]<\/p>\n","protected":false},"author":8,"featured_media":0,"parent":0,"menu_order":0,"comment_status":"closed","ping_status":"closed","template":"","meta":{"_et_pb_use_builder":"on","_et_pb_old_content":"","_et_gb_content_width":"","_exactmetrics_skip_tracking":false,"_exactmetrics_sitenote_active":false,"_exactmetrics_sitenote_note":"","_exactmetrics_sitenote_category":0,"footnotes":""},"class_list":["post-4263","page","type-page","status-publish","hentry"],"_links":{"self":[{"href":"https:\/\/www.beaweb.org\/LA\/wp-json\/wp\/v2\/pages\/4263","targetHints":{"allow":["GET"]}}],"collection":[{"href":"https:\/\/www.beaweb.org\/LA\/wp-json\/wp\/v2\/pages"}],"about":[{"href":"https:\/\/www.beaweb.org\/LA\/wp-json\/wp\/v2\/types\/page"}],"author":[{"embeddable":true,"href":"https:\/\/www.beaweb.org\/LA\/wp-json\/wp\/v2\/users\/8"}],"replies":[{"embeddable":true,"href":"https:\/\/www.beaweb.org\/LA\/wp-json\/wp\/v2\/comments?post=4263"}],"version-history":[{"count":8,"href":"https:\/\/www.beaweb.org\/LA\/wp-json\/wp\/v2\/pages\/4263\/revisions"}],"predecessor-version":[{"id":4380,"href":"https:\/\/www.beaweb.org\/LA\/wp-json\/wp\/v2\/pages\/4263\/revisions\/4380"}],"wp:attachment":[{"href":"https:\/\/www.beaweb.org\/LA\/wp-json\/wp\/v2\/media?parent=4263"}],"curies":[{"name":"wp","href":"https:\/\/api.w.org\/{rel}","templated":true}]}}