{"id":3727,"date":"2019-04-24T23:28:55","date_gmt":"2019-04-24T23:28:55","guid":{"rendered":"http:\/\/www.beaweb.org\/LA\/?page_id=3727"},"modified":"2022-07-27T21:59:05","modified_gmt":"2022-07-27T21:59:05","slug":"paneles","status":"publish","type":"page","link":"https:\/\/www.beaweb.org\/LA\/paneles","title":{"rendered":"PANELES"},"content":{"rendered":"<p>[et_pb_section fb_built=&#8221;1&#8243; fullwidth=&#8221;on&#8221; _builder_version=&#8221;3.19.7&#8243; background_color=&#8221;rgba(0,0,0,0.3)&#8221; custom_padding=&#8221;0|0px|2px|0px|false|false&#8221;][et_pb_fullwidth_slider _builder_version=&#8221;3.19.7&#8243; header_font=&#8221;Georgia|||on|||||&#8221; header_text_color=&#8221;#000000&#8243; header_font_size=&#8221;56px&#8221; header_text_shadow_style=&#8221;preset1&#8243; header_text_shadow_horizontal_length=&#8221;-0.06em&#8221; header_text_shadow_vertical_length=&#8221;-0.02em&#8221; header_text_shadow_blur_strength=&#8221;0.52em&#8221; header_text_shadow_color=&#8221;#ffffff&#8221; body_font=&#8221;Times New Roman||||||||&#8221; body_text_color=&#8221;#ffffff&#8221; body_text_shadow_style=&#8221;preset5&#8243; body_text_shadow_blur_strength=&#8221;1.29em&#8221; body_text_shadow_color=&#8221;rgba(11,114,198,0.67)&#8221; background_color=&#8221;#1983c5&#8243; background_color_gradient_direction=&#8221;360deg&#8221; box_shadow_style=&#8221;preset6&#8243; box_shadow_horizontal=&#8221;9px&#8221; box_shadow_vertical=&#8221;-1px&#8221; box_shadow_blur=&#8221;47px&#8221;][et_pb_slide heading=&#8221;Paneles&#8221; _builder_version=&#8221;3.19.7&#8243; header_font=&#8221;Times New Roman||||||||&#8221; header_font_size=&#8221;43px&#8221; use_background_color_gradient=&#8221;on&#8221; background_color_gradient_start=&#8221;#84b1d8&#8243; background_color_gradient_end=&#8221;rgba(41,196,169,0)&#8221; background_color_gradient_overlays_image=&#8221;on&#8221; background_image=&#8221;https:\/\/www.beaweb.org\/LA\/wp-content\/uploads\/2019\/05\/AdobeStock_234606035.jpg&#8221; background_position=&#8221;bottom_center&#8221;][\/et_pb_slide][\/et_pb_fullwidth_slider][\/et_pb_section][et_pb_section fb_built=&#8221;1&#8243; _builder_version=&#8221;3.19.7&#8243; custom_padding=&#8221;47px|0px|38px|0px|false|false&#8221;][et_pb_row custom_padding=&#8221;7px||6px&#8221; custom_margin=&#8221;||0px&#8221; _builder_version=&#8221;3.19.7&#8243;][et_pb_column type=&#8221;3_5&#8243; _builder_version=&#8221;3.19.7&#8243; parallax=&#8221;off&#8221; parallax_method=&#8221;on&#8221;][et_pb_text _builder_version=&#8221;3.19.7&#8243; text_font=&#8221;||||||||&#8221; text_text_color=&#8221;#0c71c3&#8243; text_font_size=&#8221;21px&#8221; custom_margin=&#8221;0px||23px&#8221; custom_padding=&#8221;14px||&#8221;]<\/p>\n<p><strong>Congreso Latinoamericano de Educadores de Medios<\/strong><\/p>\n<p>[\/et_pb_text][et_pb_divider _builder_version=&#8221;3.19.7&#8243; custom_margin=&#8221;1px||&#8221;][\/et_pb_divider][et_pb_text _builder_version=&#8221;3.19.7&#8243; text_font=&#8221;||||||||&#8221; header_font=&#8221;||||||||&#8221; header_2_font=&#8221;||||||||&#8221; header_3_font=&#8221;||||||||&#8221; header_3_font_size=&#8221;32px&#8221; header_4_font=&#8221;||||||||&#8221; header_5_font=&#8221;||||||||&#8221; header_6_font=&#8221;||||||||&#8221; custom_margin=&#8221;-14px||&#8221;]<\/p>\n<h1><span style=\"color: #000000;\"><em><strong>FECHA L\u00cdMITE: 5 de Agosto del 2022<\/strong>. <br \/><span style=\"font-size: medium;\">Los participantes ser\u00e1n avisados del programa en agosto 30.<\/span><\/em><\/span><strong><\/strong><\/h1>\n<p><span style=\"color: #eac700;\"><strong><\/strong><\/span><\/p>\n<h1><span style=\"color: #eac700;\"><strong>Convocatoria<\/strong><\/span><\/h1>\n<p>Invitamos a profesores, estudiantes y profesionales de los medios a proponer<strong> paneles y ponencias <\/strong>que traten sobre el estado actual o el futuro de los medios (Cine, Televisi\u00f3n, Radio y Medios Emergentes) o sobre las pr\u00e1cticas de ense\u00f1anza de estos.<span style=\"font-size: 14px;\">\u00a0<\/span><\/p>\n<p>Los paneles deber\u00e1n incluir un resumen del tema a tratar, una justificaci\u00f3n que hable de la relevancia del tema en nuestra conferencia, as\u00ed como los nombres de los participantes (profesores, estudiantes o profesionales del medio) y las instituciones a las que est\u00e1n afiliados.<\/p>\n<p>[\/et_pb_text][et_pb_cta title=&#8221;Paneles Y Ponencias&#8221; button_url=&#8221;https:\/\/www.beaweb.org\/wp\/?p=8105&#8243; button_text=&#8221;Click Here&#8221; _builder_version=&#8221;3.19.7&#8243; header_font=&#8221;||||||||&#8221; header_text_shadow_style=&#8221;preset2&#8243; use_background_color_gradient=&#8221;on&#8221; background_color_gradient_start=&#8221;rgba(43,135,218,0.75)&#8221; background_color_gradient_end=&#8221;rgba(0,0,0,0.88)&#8221; background_color_gradient_overlays_image=&#8221;on&#8221; background_image=&#8221;https:\/\/www.beaweb.org\/LA\/wp-content\/uploads\/2015\/07\/NAB_2015_0360.jpg&#8221; custom_button=&#8221;on&#8221; button_text_color=&#8221;#ffffff&#8221; button_border_color=&#8221;#ffffff&#8221; button_font=&#8221;||||||||&#8221; text_shadow_style=&#8221;preset2&#8243; text_shadow_blur_strength=&#8221;1.08em&#8221; text_shadow_color=&#8221;#000000&#8243;]<\/p>\n<p>Invitamos a profesores, estudiantes y profesionales de los medios a proponer<strong> paneles y ponencias <\/strong>que traten sobre el estado actual o el futuro de los medios (Cine, Televisi\u00f3n, Radio y Medios Emergentes) o sobre las pr\u00e1cticas de ense\u00f1anza de los mismos.<\/p>\n<p>[\/et_pb_cta][et_pb_text _builder_version=&#8221;3.19.7&#8243;]<\/p>\n<p>&nbsp;<\/p>\n<p>&nbsp;<\/p>\n<p>\u00a0Ser\u00e1 un honor contar con las m\u00faltiples voces de nuestro continente e iniciar una nueva etapa de intercambio entre los profesionales y educadores de los medios de comunicaci\u00f3n.<\/p>\n<p>&nbsp;<\/p>\n<p>\u00a0Cualquier pregunta o comentario favor de dirigirlo a <strong><a href=\"mailto:BEALA2022@gmail.com\">BEALA2022@gmail.com<\/a><\/strong><\/p>\n<p>[\/et_pb_text][\/et_pb_column][et_pb_column type=&#8221;2_5&#8243; _builder_version=&#8221;3.19.7&#8243; parallax=&#8221;off&#8221; parallax_method=&#8221;on&#8221;][et_pb_image src=&#8221;https:\/\/www.beaweb.org\/LA\/wp-content\/uploads\/2014\/09\/NAB-120041.jpg&#8221; _builder_version=&#8221;3.19.7&#8243;][\/et_pb_image][et_pb_image src=&#8221;https:\/\/www.beaweb.org\/LA\/wp-content\/uploads\/2022\/07\/Layer-2.png&#8221; _builder_version=&#8221;3.19.7&#8243; max_width=&#8221;70%&#8221; module_alignment=&#8221;center&#8221;][\/et_pb_image][et_pb_text _builder_version=&#8221;3.19.7&#8243; text_font=&#8221;Allerta||||||||&#8221; header_font=&#8221;||||||||&#8221; header_2_font=&#8221;||||||||&#8221; header_2_text_color=&#8221;#ffd400&#8243; link_option_url=&#8221;https:\/\/www.facebook.com\/groups\/34744282858\/&#8221;]<\/p>\n<h2 style=\"text-align: center;\">Conectate con nosotros!<\/h2>\n<p>[\/et_pb_text][et_pb_social_media_follow _builder_version=&#8221;3.19.7&#8243; text_orientation=&#8221;center&#8221;][et_pb_social_media_follow_network social_network=&#8221;facebook&#8221; url=&#8221;https:\/\/www.facebook.com\/groups\/34744282858\/&#8221; _builder_version=&#8221;3.19.7&#8243; background_color=&#8221;#000000&#8243; follow_button=&#8221;off&#8221; url_new_window=&#8221;on&#8221;]facebook[\/et_pb_social_media_follow_network][et_pb_social_media_follow_network social_network=&#8221;twitter&#8221; url=&#8221;https:\/\/twitter.com\/BEAbirks?lang=en&#8221; _builder_version=&#8221;3.19.7&#8243; background_color=&#8221;#00aced&#8221; follow_button=&#8221;off&#8221; url_new_window=&#8221;on&#8221;]twitter[\/et_pb_social_media_follow_network][\/et_pb_social_media_follow][\/et_pb_column][\/et_pb_row][\/et_pb_section][et_pb_section fb_built=&#8221;1&#8243; _builder_version=&#8221;3.19.7&#8243; custom_padding=&#8221;13px|0px|0|0px|false|false&#8221;][et_pb_row custom_padding=&#8221;0|0px|0|0px|false|false&#8221; _builder_version=&#8221;3.19.7&#8243;][et_pb_column type=&#8221;4_4&#8243; _builder_version=&#8221;3.19.7&#8243; parallax=&#8221;off&#8221; parallax_method=&#8221;on&#8221;][et_pb_divider _builder_version=&#8221;3.19.7&#8243;][\/et_pb_divider][\/et_pb_column][\/et_pb_row][\/et_pb_section][et_pb_section fb_built=&#8221;1&#8243; _builder_version=&#8221;3.19.7&#8243; custom_padding=&#8221;0|0px|13px|0px|false|false&#8221;][et_pb_row custom_padding=&#8221;0|0px|13px|0px|false|false&#8221; _builder_version=&#8221;3.19.7&#8243;][et_pb_column type=&#8221;1_3&#8243; _builder_version=&#8221;3.19.7&#8243; parallax=&#8221;off&#8221; parallax_method=&#8221;on&#8221;][\/et_pb_column][et_pb_column type=&#8221;1_3&#8243; _builder_version=&#8221;3.19.7&#8243; parallax=&#8221;off&#8221; parallax_method=&#8221;on&#8221;][et_pb_image src=&#8221;https:\/\/www.beaweb.org\/LA\/wp-content\/uploads\/2019\/05\/testlogo.jpg&#8221; align=&#8221;center&#8221; _builder_version=&#8221;3.19.7&#8243;][\/et_pb_image][\/et_pb_column][et_pb_column type=&#8221;1_3&#8243; _builder_version=&#8221;3.19.7&#8243; parallax=&#8221;off&#8221; parallax_method=&#8221;on&#8221;][\/et_pb_column][\/et_pb_row][\/et_pb_section][et_pb_section fb_built=&#8221;1&#8243; _builder_version=&#8221;3.19.7&#8243; background_color=&#8221;#000000&#8243; use_background_color_gradient=&#8221;on&#8221; background_color_gradient_end=&#8221;rgba(0,0,0,0.5)&#8221; background_color_gradient_type=&#8221;radial&#8221; custom_padding=&#8221;15px|0px|0|0px|false|false&#8221;][et_pb_row _builder_version=&#8221;3.19.7&#8243;][et_pb_column type=&#8221;4_4&#8243; _builder_version=&#8221;3.19.7&#8243; parallax=&#8221;off&#8221; parallax_method=&#8221;on&#8221;][et_pb_text _builder_version=&#8221;3.19.7&#8243; text_font=&#8221;|800|||||||&#8221; text_text_color=&#8221;#ffffff&#8221; header_font=&#8221;||||||||&#8221; header_text_color=&#8221;#ffffff&#8221; header_font_size=&#8221;24px&#8221; header_2_font=&#8221;Verdana||||||||&#8221; header_2_text_color=&#8221;#ffffff&#8221;]<\/p>\n<h1 style=\"text-align: center;\">Helpful Links<\/h1>\n<p>[\/et_pb_text][\/et_pb_column][\/et_pb_row][et_pb_row custom_padding=&#8221;0|0px|63px|0px|false|false&#8221; _builder_version=&#8221;3.19.7&#8243; global_module=&#8221;3964&#8243; saved_tabs=&#8221;all&#8221;][et_pb_column type=&#8221;1_5&#8243; _builder_version=&#8221;3.0.47&#8243; parallax=&#8221;off&#8221; parallax_method=&#8221;on&#8221;][et_pb_button button_url=&#8221;https:\/\/www.beaweb.org\/wp\/?page_id=498&#8243; button_text=&#8221;BEA Membership&#8221; button_alignment=&#8221;center&#8221; _builder_version=&#8221;3.19.7&#8243; custom_button=&#8221;on&#8221; button_text_size=&#8221;14px&#8221; button_text_color=&#8221;#ffffff&#8221; button_border_width=&#8221;2px&#8221; button_border_color=&#8221;#ffffff&#8221; button_letter_spacing=&#8221;0px&#8221; button_font=&#8221;||||||||&#8221; custom_margin=&#8221;|||0px&#8221;][\/et_pb_button][\/et_pb_column][et_pb_column type=&#8221;1_5&#8243; _builder_version=&#8221;3.0.47&#8243; parallax=&#8221;off&#8221; parallax_method=&#8221;on&#8221;][et_pb_button button_url=&#8221;https:\/\/www.beaweb.org\/wp\/?page_id=478&#8243; button_text=&#8221;BEA Scholarships&#8221; button_alignment=&#8221;center&#8221; _builder_version=&#8221;3.19.7&#8243; custom_button=&#8221;on&#8221; button_text_size=&#8221;14px&#8221; button_text_color=&#8221;#ffffff&#8221; button_border_color=&#8221;#ffffff&#8221; button_font=&#8221;||||||||&#8221;][\/et_pb_button][\/et_pb_column][et_pb_column type=&#8221;1_5&#8243; _builder_version=&#8221;3.0.47&#8243; parallax=&#8221;off&#8221; parallax_method=&#8221;on&#8221;][et_pb_button button_url=&#8221;https:\/\/www.beaweb.org\/LA\/contacto&#8221; button_text=&#8221;&#8212;- Contacto  &#8212;-&#8221; button_alignment=&#8221;center&#8221; _builder_version=&#8221;3.19.7&#8243; custom_button=&#8221;on&#8221; button_text_size=&#8221;14px&#8221; button_text_color=&#8221;#ffffff&#8221; button_border_color=&#8221;#ffffff&#8221; button_font=&#8221;||||||||&#8221;][\/et_pb_button][\/et_pb_column][et_pb_column type=&#8221;1_5&#8243; _builder_version=&#8221;3.0.47&#8243; parallax=&#8221;off&#8221; parallax_method=&#8221;on&#8221;][et_pb_button button_url=&#8221;http:\/\/beaweb.org\/festival\/&#8221; button_text=&#8221;Festival of Media Arts&#8221; button_alignment=&#8221;center&#8221; _builder_version=&#8221;3.19.7&#8243; custom_button=&#8221;on&#8221; button_text_size=&#8221;14px&#8221; button_text_color=&#8221;#ffffff&#8221; button_border_color=&#8221;#ffffff&#8221; button_font=&#8221;||||||||&#8221;][\/et_pb_button][\/et_pb_column][et_pb_column type=&#8221;1_5&#8243; _builder_version=&#8221;3.0.47&#8243; parallax=&#8221;off&#8221; parallax_method=&#8221;on&#8221;][et_pb_button button_url=&#8221;https:\/\/www.beaweb.org\/conv\/&#8221; button_text=&#8221;Annual Convention&#8221; button_alignment=&#8221;center&#8221; _builder_version=&#8221;3.19.7&#8243; custom_button=&#8221;on&#8221; button_text_size=&#8221;14px&#8221; button_text_color=&#8221;#ffffff&#8221; button_border_color=&#8221;#ffffff&#8221; button_font=&#8221;||||||||&#8221;][\/et_pb_button][\/et_pb_column][\/et_pb_row][\/et_pb_section]<\/p>\n","protected":false},"excerpt":{"rendered":"<p>Congreso Latinoamericano de Educadores de MediosFECHA L\u00cdMITE: 5 de Agosto del 2022. Los participantes ser\u00e1n avisados del programa en agosto 30. Convocatoria Invitamos a profesores, estudiantes y profesionales de los medios a proponer paneles y ponencias que traten sobre el estado actual o el futuro de los medios (Cine, Televisi\u00f3n, Radio y Medios Emergentes) o [&hellip;]<\/p>\n","protected":false},"author":7,"featured_media":0,"parent":0,"menu_order":0,"comment_status":"closed","ping_status":"closed","template":"","meta":{"_et_pb_use_builder":"on","_et_pb_old_content":"Invitamos a profesores, estudiantes y profesionales de los medios a proponer<strong> paneles y ponencias <\/strong>que traten sobre el estado actual o el futuro de los medios (Cine, Televisi\u00f3n, Radio y Medios Emergentes) o sobre las pr\u00e1cticas de ense\u00f1anza de los mismos.\r\n\r\nLos paneles deber\u00e1n incluir un resumen del tema a tratar, una justificaci\u00f3n que hable de la relevancia del tema en nuestra conferencia, as\u00ed como los nombres de los participantes (profesores, estudiantes o profesionales del medio) y las instituciones a las que est\u00e1n afiliados.\r\n\r\nLa fecha l\u00edmite para las propuestas es el <strong>12 de Julio del 2019<\/strong>. Los participantes ser\u00e1n avisados del programa en Agosto 2.\r\n\r\nSer\u00e1 un honor contar con las m\u00faltiples voces de nuestro continente e iniciar una nueva etapa de intercambio entre los profesionales y educadores de los medios de comunicaci\u00f3n.\r\n\r\nCualquier pregunta o comentario favor de dirigirlo a <a href=\"mailto:BEALA.merida.2019@gmail.com\">BEALA.merida.2019@gmail.com<\/a>","_et_gb_content_width":"","_exactmetrics_skip_tracking":false,"_exactmetrics_sitenote_active":false,"_exactmetrics_sitenote_note":"","_exactmetrics_sitenote_category":0,"footnotes":""},"class_list":["post-3727","page","type-page","status-publish","hentry"],"_links":{"self":[{"href":"https:\/\/www.beaweb.org\/LA\/wp-json\/wp\/v2\/pages\/3727","targetHints":{"allow":["GET"]}}],"collection":[{"href":"https:\/\/www.beaweb.org\/LA\/wp-json\/wp\/v2\/pages"}],"about":[{"href":"https:\/\/www.beaweb.org\/LA\/wp-json\/wp\/v2\/types\/page"}],"author":[{"embeddable":true,"href":"https:\/\/www.beaweb.org\/LA\/wp-json\/wp\/v2\/users\/7"}],"replies":[{"embeddable":true,"href":"https:\/\/www.beaweb.org\/LA\/wp-json\/wp\/v2\/comments?post=3727"}],"version-history":[{"count":37,"href":"https:\/\/www.beaweb.org\/LA\/wp-json\/wp\/v2\/pages\/3727\/revisions"}],"predecessor-version":[{"id":4258,"href":"https:\/\/www.beaweb.org\/LA\/wp-json\/wp\/v2\/pages\/3727\/revisions\/4258"}],"wp:attachment":[{"href":"https:\/\/www.beaweb.org\/LA\/wp-json\/wp\/v2\/media?parent=3727"}],"curies":[{"name":"wp","href":"https:\/\/api.w.org\/{rel}","templated":true}]}}