{"id":3710,"date":"2019-04-24T13:44:56","date_gmt":"2019-04-24T13:44:56","guid":{"rendered":"http:\/\/www.beaweb.org\/LA\/?page_id=3710"},"modified":"2022-07-27T19:58:54","modified_gmt":"2022-07-27T19:58:54","slug":"concursos-de-investigacion","status":"publish","type":"page","link":"https:\/\/www.beaweb.org\/LA\/concursos-de-investigacion","title":{"rendered":"Investigaci\u00f3n"},"content":{"rendered":"<p>[et_pb_section fb_built=&#8221;1&#8243; _builder_version=&#8221;3.19.7&#8243; custom_padding=&#8221;0|0px|0|0px|false|false&#8221;][et_pb_row custom_padding=&#8221;34px|0px|13px|0px|false|false&#8221; _builder_version=&#8221;3.19.7&#8243;][et_pb_column type=&#8221;4_4&#8243; _builder_version=&#8221;3.19.7&#8243; parallax=&#8221;off&#8221; parallax_method=&#8221;on&#8221;][et_pb_text quote_border_color=&#8221;#edf000&#8243; _builder_version=&#8221;3.19.7&#8243; text_font=&#8221;|||on|||||&#8221; text_text_color=&#8221;#0b8fbf&#8221; text_font_size=&#8221;19px&#8221; text_letter_spacing=&#8221;2px&#8221; text_line_height=&#8221;1.8em&#8221; quote_font=&#8221;||||||||&#8221;]<\/p>\n<blockquote>\n<p><strong>Bogot\u00e1, Colombia<\/strong><br \/><strong>Octubre 13-14, 2022<\/strong><\/p>\n<p><strong>CONCURSO INTERNACIONAL <\/strong><\/p>\n<p><strong>DE INVESTIGACI\u00d3N DE BEA LATINOAM\u00c9RICA<\/strong><\/p>\n<\/blockquote>\n<p>[\/et_pb_text][\/et_pb_column][\/et_pb_row][\/et_pb_section][et_pb_section fb_built=&#8221;1&#8243; _builder_version=&#8221;3.19.7&#8243; custom_padding=&#8221;13px|0px|0|0px|false|false&#8221;][et_pb_row custom_padding=&#8221;13px|0px|0|0px|false|false&#8221; custom_margin=&#8221;-68px||&#8221; _builder_version=&#8221;3.19.7&#8243;][et_pb_column type=&#8221;3_5&#8243; _builder_version=&#8221;3.19.7&#8243; parallax=&#8221;off&#8221; parallax_method=&#8221;on&#8221;][et_pb_text _builder_version=&#8221;3.19.7&#8243;]<\/p>\n<p><span><\/span><\/p>\n<p><span>El concurso de investigaci\u00f3n de BEA Latinoam\u00e9rica premia y expone las investigaciones m\u00e1s sobresalientes de profesores y estudiantes universitarios que se enfocan en el estudio de los medios de comunicaci\u00f3n. BEA Latinoam\u00e9rica congregar\u00e1 en Bogot\u00e1, Colombia a acad\u00e9micos y estudiantes para examinar los temas m\u00e1s prominentes que actualmente afectan la industria de los medios y las audiencias.<\/span><\/p>\n<p><span>Esta conferencia latinoamericana de la Broadcast Education Association (BEA) planea llevarse a cabo bienalmente en pa\u00edses latinoamericanos, trayendo consigo m\u00e1s de 60 a\u00f1os de experiencia y excelencia en el \u00e1rea de la educaci\u00f3n medi\u00e1tica.<\/span><\/p>\n<p><span>Las investigaciones seleccionadas ser\u00e1n reconocidas durante el congreso y ser\u00e1n parte del programa de presentaciones del Congreso Latinoamericano de Educadores de Medios 2022. Si la investigaci\u00f3n es seleccionada, se exige que al menos un autor de la investigaci\u00f3n<\/span> debe atender y presentar el art\u00edculo en el congreso.<\/p>\n<p><strong><span><\/span><\/strong><\/p>\n<h3><strong><span>GU\u00cdA DE ENTREGA<\/span><\/strong><\/h3>\n<p><span>El concurso de investigaci\u00f3n<\/span> de BEA Latinoam\u00e9rica tiene <strong>dos categor\u00edas: profesores y estudiantes universitarios<\/strong>.<\/p>\n<p><span>Todos los art<\/span>\u00edculos<span> de investigaci\u00f3n completos o art\u00edculos de investigaci\u00f3n en desarrollo deben ser originales y no entregados a otras conferencias o diarios acad\u00e9micos simult\u00e1neamente. Los art\u00edculos pueden ser escritos en <strong><em>espa\u00f1ol, portugu\u00e9s o ingl\u00e9s<\/em><\/strong>. Las investigaciones pueden ser cr\u00edticas, culturales, fenomenol\u00f3gicas, hist\u00f3ricas, cualitativas y\/o cuantitativas.<\/span><\/p>\n<p><span><\/span><\/p>\n<h3><strong><u><span>Art\u00edculos de Investigaci\u00f3n<\/span><\/u><\/strong><\/h3>\n<p><span style=\"font-size: medium;\"><em>El art\u00edculo de investigaci\u00f3n debe incluir los siguientes requerimientos:<\/em><\/span><\/p>\n<p><strong>1. Portada:<\/strong> T\u00edtulo, autor, afiliaci\u00f3n institucional\/acad\u00e9mica, correo electr\u00f3nico y n\u00fameros de tel\u00e9fono.<\/p>\n<p><strong>2. Resumen:<\/strong> Resumen de 150 palabras que incluye el t\u00edtulo.<\/p>\n<p><strong>3. El Art\u00edculo:<\/strong> Formato APA. No debe exceder 5.000 palabras, excluyendo tablas, figuras, notas y referencias. Los autores no deben incluir informaci\u00f3n que los identifique en ning\u00fan \u00e1rea del documento principal ya que los art\u00edculos seguir\u00e1n un proceso de revisi\u00f3n a ciegas. Si los autores no remueven la informaci\u00f3n que los identifique, el documento no ser\u00e1 aceptado.<\/p>\n<p><strong>Fecha L\u00edmite de Entrega: <\/strong>5 de agosto de 2022<\/p>\n<p><strong>Fecha de Entrega de Resultados: <\/strong>30 de agosto de 2022<\/p>\n<p><strong><u><\/u><\/strong><\/p>\n<h3><strong><u>Art\u00edculos de Investigaci\u00f3n en Desarrollo<\/u><\/strong><\/h3>\n<p><span style=\"font-size: medium;\"><em>El art\u00edculo de investigaci\u00f3n en desarrollo debe incluir los siguientes requerimientos:<\/em><\/span><\/p>\n<p><strong>1. Portada:<\/strong> T\u00edtulo, autor, afiliaci\u00f3n institucional\/acad\u00e9mica, correo electr\u00f3nico y n\u00fameros de tel\u00e9fono.<\/p>\n<p><strong>2. Resumen:<\/strong> Resumen de 1.000 a 1.500 palabras en formato APA. El resumen debe incluir los objetivos de la investigaci\u00f3n, el m\u00e9todo, los resultados m\u00e1s sobresalientes y las referencias. Se deben excluir las tablas y figuras en el resumen. Los autores no deben incluir informaci\u00f3n que los identifique en ning\u00fan \u00e1rea del documento principal ya que los art\u00edculos seguir\u00e1n un proceso de revisi\u00f3n a ciegas. Si los autores no remueven la informaci\u00f3n que los identifique, el documento no ser\u00e1 aceptado.<\/p>\n<p><strong>Fecha L\u00edmite de Entrega:<\/strong> 5 de agosto de 2022<\/p>\n<p><strong>Fecha de Entrega de Resultados:<\/strong> 30 de agosto de 2022<\/p>\n<p>&nbsp;<\/p>\n<p>[\/et_pb_text][et_pb_divider _builder_version=&#8221;3.19.7&#8243; max_width=&#8221;89%&#8221;][\/et_pb_divider][et_pb_button button_url=&#8221;https:\/\/www.beaweb.org\/wp\/?p=8262&#8243; button_text=&#8221;HAGA SU ENTREGA SIGUIENDO ESTE ENLACE&#8221; _builder_version=&#8221;3.19.7&#8243; custom_button=&#8221;on&#8221; button_text_color=&#8221;#ffffff&#8221; button_bg_use_color_gradient=&#8221;on&#8221; button_bg_color_gradient_end=&#8221;rgba(0,0,0,0.73)&#8221; button_border_color=&#8221;#000000&#8243; button_font=&#8221;||||||||&#8221; custom_margin=&#8221;||42px&#8221;][\/et_pb_button][\/et_pb_column][et_pb_column type=&#8221;2_5&#8243; _builder_version=&#8221;3.19.7&#8243; parallax=&#8221;off&#8221; parallax_method=&#8221;on&#8221;][et_pb_sidebar _builder_version=&#8221;3.19.7&#8243;][\/et_pb_sidebar][\/et_pb_column][\/et_pb_row][\/et_pb_section][et_pb_section fb_built=&#8221;1&#8243; _builder_version=&#8221;3.19.7&#8243; custom_padding=&#8221;0|0px|0|0px|false|false&#8221;][et_pb_row custom_padding=&#8221;0|0px|13px|0px|false|false&#8221; _builder_version=&#8221;3.19.7&#8243;][et_pb_column type=&#8221;4_4&#8243; _builder_version=&#8221;3.19.7&#8243; parallax=&#8221;off&#8221; parallax_method=&#8221;on&#8221;][et_pb_divider _builder_version=&#8221;3.19.7&#8243;][\/et_pb_divider][\/et_pb_column][\/et_pb_row][\/et_pb_section][et_pb_section fb_built=&#8221;1&#8243; _builder_version=&#8221;3.19.7&#8243; custom_padding=&#8221;0|0px|13px|0px|false|false&#8221;][et_pb_row _builder_version=&#8221;3.19.7&#8243;][et_pb_column type=&#8221;4_4&#8243; _builder_version=&#8221;3.19.7&#8243; parallax=&#8221;off&#8221; parallax_method=&#8221;on&#8221;][et_pb_image src=&#8221;https:\/\/www.beaweb.org\/LA\/wp-content\/uploads\/2019\/05\/testlogo.jpg&#8221; align=&#8221;center&#8221; _builder_version=&#8221;3.19.7&#8243; custom_margin=&#8221;-20px||&#8221;][\/et_pb_image][\/et_pb_column][\/et_pb_row][\/et_pb_section][et_pb_section fb_built=&#8221;1&#8243; _builder_version=&#8221;3.19.7&#8243; background_color=&#8221;#000000&#8243; use_background_color_gradient=&#8221;on&#8221; background_color_gradient_end=&#8221;rgba(0,0,0,0.5)&#8221; background_color_gradient_type=&#8221;radial&#8221; custom_padding=&#8221;15px|0px|0|0px|false|false&#8221;][et_pb_row _builder_version=&#8221;3.19.7&#8243;][et_pb_column type=&#8221;4_4&#8243; _builder_version=&#8221;3.19.7&#8243; parallax=&#8221;off&#8221; parallax_method=&#8221;on&#8221;][et_pb_text _builder_version=&#8221;3.19.7&#8243; text_font=&#8221;|800|||||||&#8221; text_text_color=&#8221;#ffffff&#8221; header_font=&#8221;||||||||&#8221; header_text_color=&#8221;#ffffff&#8221; header_font_size=&#8221;24px&#8221; header_2_font=&#8221;Verdana||||||||&#8221; header_2_text_color=&#8221;#ffffff&#8221;]<\/p>\n<h1 style=\"text-align: center;\">Helpful Links<\/h1>\n<p>[\/et_pb_text][\/et_pb_column][\/et_pb_row][et_pb_row custom_padding=&#8221;0|0px|63px|0px|false|false&#8221; _builder_version=&#8221;3.19.7&#8243; global_module=&#8221;3964&#8243; saved_tabs=&#8221;all&#8221;][et_pb_column type=&#8221;1_5&#8243; _builder_version=&#8221;3.0.47&#8243; parallax=&#8221;off&#8221; parallax_method=&#8221;on&#8221;][et_pb_button button_url=&#8221;https:\/\/www.beaweb.org\/wp\/?page_id=498&#8243; button_text=&#8221;BEA Membership&#8221; button_alignment=&#8221;center&#8221; _builder_version=&#8221;3.19.7&#8243; custom_button=&#8221;on&#8221; button_text_size=&#8221;14px&#8221; button_text_color=&#8221;#ffffff&#8221; button_border_width=&#8221;2px&#8221; button_border_color=&#8221;#ffffff&#8221; button_letter_spacing=&#8221;0px&#8221; button_font=&#8221;||||||||&#8221; custom_margin=&#8221;|||0px&#8221;][\/et_pb_button][\/et_pb_column][et_pb_column type=&#8221;1_5&#8243; _builder_version=&#8221;3.0.47&#8243; parallax=&#8221;off&#8221; parallax_method=&#8221;on&#8221;][et_pb_button button_url=&#8221;https:\/\/www.beaweb.org\/wp\/?page_id=478&#8243; button_text=&#8221;BEA Scholarships&#8221; button_alignment=&#8221;center&#8221; _builder_version=&#8221;3.19.7&#8243; custom_button=&#8221;on&#8221; button_text_size=&#8221;14px&#8221; button_text_color=&#8221;#ffffff&#8221; button_border_color=&#8221;#ffffff&#8221; button_font=&#8221;||||||||&#8221;][\/et_pb_button][\/et_pb_column][et_pb_column type=&#8221;1_5&#8243; _builder_version=&#8221;3.0.47&#8243; parallax=&#8221;off&#8221; parallax_method=&#8221;on&#8221;][et_pb_button button_url=&#8221;https:\/\/www.beaweb.org\/LA\/contacto&#8221; button_text=&#8221;&#8212;- Contacto  &#8212;-&#8221; button_alignment=&#8221;center&#8221; _builder_version=&#8221;3.19.7&#8243; custom_button=&#8221;on&#8221; button_text_size=&#8221;14px&#8221; button_text_color=&#8221;#ffffff&#8221; button_border_color=&#8221;#ffffff&#8221; button_font=&#8221;||||||||&#8221;][\/et_pb_button][\/et_pb_column][et_pb_column type=&#8221;1_5&#8243; _builder_version=&#8221;3.0.47&#8243; parallax=&#8221;off&#8221; parallax_method=&#8221;on&#8221;][et_pb_button button_url=&#8221;http:\/\/beaweb.org\/festival\/&#8221; button_text=&#8221;Festival of Media Arts&#8221; button_alignment=&#8221;center&#8221; _builder_version=&#8221;3.19.7&#8243; custom_button=&#8221;on&#8221; button_text_size=&#8221;14px&#8221; button_text_color=&#8221;#ffffff&#8221; button_border_color=&#8221;#ffffff&#8221; button_font=&#8221;||||||||&#8221;][\/et_pb_button][\/et_pb_column][et_pb_column type=&#8221;1_5&#8243; _builder_version=&#8221;3.0.47&#8243; parallax=&#8221;off&#8221; parallax_method=&#8221;on&#8221;][et_pb_button button_url=&#8221;https:\/\/www.beaweb.org\/conv\/&#8221; button_text=&#8221;Annual Convention&#8221; button_alignment=&#8221;center&#8221; _builder_version=&#8221;3.19.7&#8243; custom_button=&#8221;on&#8221; button_text_size=&#8221;14px&#8221; button_text_color=&#8221;#ffffff&#8221; button_border_color=&#8221;#ffffff&#8221; button_font=&#8221;||||||||&#8221;][\/et_pb_button][\/et_pb_column][\/et_pb_row][\/et_pb_section]<\/p>\n","protected":false},"excerpt":{"rendered":"<p>Bogot\u00e1, ColombiaOctubre 13-14, 2022 CONCURSO INTERNACIONAL DE INVESTIGACI\u00d3N DE BEA LATINOAM\u00c9RICA El concurso de investigaci\u00f3n de BEA Latinoam\u00e9rica premia y expone las investigaciones m\u00e1s sobresalientes de profesores y estudiantes universitarios que se enfocan en el estudio de los medios de comunicaci\u00f3n. BEA Latinoam\u00e9rica congregar\u00e1 en Bogot\u00e1, Colombia a acad\u00e9micos y estudiantes para examinar los temas [&hellip;]<\/p>\n","protected":false},"author":7,"featured_media":0,"parent":0,"menu_order":0,"comment_status":"closed","ping_status":"closed","template":"","meta":{"_et_pb_use_builder":"on","_et_pb_old_content":"","_et_gb_content_width":"","_exactmetrics_skip_tracking":false,"_exactmetrics_sitenote_active":false,"_exactmetrics_sitenote_note":"","_exactmetrics_sitenote_category":0,"footnotes":""},"class_list":["post-3710","page","type-page","status-publish","hentry"],"_links":{"self":[{"href":"https:\/\/www.beaweb.org\/LA\/wp-json\/wp\/v2\/pages\/3710","targetHints":{"allow":["GET"]}}],"collection":[{"href":"https:\/\/www.beaweb.org\/LA\/wp-json\/wp\/v2\/pages"}],"about":[{"href":"https:\/\/www.beaweb.org\/LA\/wp-json\/wp\/v2\/types\/page"}],"author":[{"embeddable":true,"href":"https:\/\/www.beaweb.org\/LA\/wp-json\/wp\/v2\/users\/7"}],"replies":[{"embeddable":true,"href":"https:\/\/www.beaweb.org\/LA\/wp-json\/wp\/v2\/comments?post=3710"}],"version-history":[{"count":28,"href":"https:\/\/www.beaweb.org\/LA\/wp-json\/wp\/v2\/pages\/3710\/revisions"}],"predecessor-version":[{"id":4255,"href":"https:\/\/www.beaweb.org\/LA\/wp-json\/wp\/v2\/pages\/3710\/revisions\/4255"}],"wp:attachment":[{"href":"https:\/\/www.beaweb.org\/LA\/wp-json\/wp\/v2\/media?parent=3710"}],"curies":[{"name":"wp","href":"https:\/\/api.w.org\/{rel}","templated":true}]}}